{"id":48,"date":"2025-07-19T09:43:07","date_gmt":"2025-07-19T09:43:07","guid":{"rendered":"https:\/\/yutexgarment.com\/about-us\/"},"modified":"2025-09-09T04:54:36","modified_gmt":"2025-09-09T04:54:36","slug":"about-us","status":"publish","type":"page","link":"https:\/\/yutexgarment.com\/vi\/about-us\/","title":{"rendered":"Gi\u1edbi Thi\u1ec7u"},"content":{"rendered":"<div class=\"section-wrapper\" data-id=\"HFVEPB\"><section class=\"wp-block-gutenverse-section guten-element guten-section guten-HFVEPB hide-tablet hide-mobile layout-boxed align-stretch\"><div class=\"guten-container guten-column-gap-no\">\n<div class=\"wp-block-gutenverse-column guten-element guten-column guten-Q2QvLd\"><div class=\"guten-column-wrapper\" data-id=\"Q2QvLd\">\n<div class=\"guten-element guten-icon-list guten-HIpSE0\"><div class=\"list-wrapper inline-icon-list\">\n<div class=\"guten-element guten-icon-list-item guten-KsxRNx\"><div class=\"list-divider\"><\/div><a id=\"guten-KsxRNx\"><i class=\"fas fa-map-marker-alt\"><\/i><span class=\"list-text\">51 \u0110\u01b0\u1eddng S\u1ed1 3, P. Ph\u01b0\u1edbc Long, TP H\u1ed3 Ch\u00ed Minh<\/span><\/a><\/div>\n\n\n\n<div class=\"guten-element guten-icon-list-item guten-wanZmU\"><div class=\"list-divider\"><\/div><a id=\"guten-wanZmU\"><i class=\"fas fa-envelope\"><\/i><span class=\"list-text\">yuki@vnglory.com<\/span><\/a><\/div>\n\n\n\n<div class=\"guten-element guten-icon-list-item guten-h6yEEZ\"><div class=\"list-divider\"><\/div><a id=\"guten-h6yEEZ\"><i class=\"fas fa-phone\"><\/i><span class=\"list-text\">(+84) 902 382 920<\/span><\/a><\/div>\n\n\n\n<div class=\"guten-element guten-icon-list-item guten-ax72Es\"><div class=\"list-divider\"><\/div><a id=\"guten-ax72Es\"><i class=\"\"><\/i><span class=\"list-text\"><div class=\"trp-shortcode-switcher__wrapper\"\r\n     style=\"--bg:#0b2b43;--bg-hover:#0000000d;--text:#ffffff;--text-hover:#3a9923;--border:1px solid #1438521a;--border-width:1px;--border-color:#1438521a;--border-radius:5px;--flag-radius:2px;--flag-size:18px;--aspect-ratio:4\/3;--font-size:14px;--transition-duration:0.2s\"\r\n     role=\"group\"\r\n     data-open-mode=\"hover\">\r\n\r\n    <!-- ANCHOR (in-flow only; sizing\/borders; inert) -->\r\n    <div class=\"trp-language-switcher trp-ls-dropdown trp-shortcode-switcher trp-shortcode-anchor trp-open-on-hover\"\r\n         aria-hidden=\"true\"\r\n         inert\r\n data-no-translation>\r\n            <div class=\"trp-current-language-item__wrapper\">\r\n        <a class=\"trp-language-item trp-language-item__default trp-language-item__current\"\r\n           href=\"https:\/\/yutexgarment.com\/vi\/wp-json\/wp\/v2\/pages\/48\"\r\n           aria-current=\"true\"\r\n           role=\"option\"\r\n           aria-selected=\"true\"\r\n           tabindex=\"0\"\r\n           data-no-translation\r\n title=\"Vietnamese\"\r\n        >\r\n            <img decoding=\"async\" src=\"https:\/\/yutexgarment.com\/wp-content\/plugins\/translatepress-multilingual\/assets\/flags\/4x3\/vi.svg\" class=\"trp-flag-image\" alt=\"Vietnamese\" loading=\"lazy\" \/>                            <span class=\"trp-language-item-name\">Vietnamese<\/span>\r\n                                <\/a>\r\n                    <svg class=\"trp-shortcode-arrow\" width=\"20\" height=\"20\" viewbox=\"0 0 20 21\" fill=\"none\" aria-hidden=\"true\" focusable=\"false\" xmlns=\"http:\/\/www.w3.org\/2000\/svg\">\r\n                <path d=\"M5 8L10 13L15 8\" stroke=\"var(--text)\" stroke-width=\"2\" stroke-linecap=\"round\" stroke-linejoin=\"round\"\/>\r\n            <\/svg>\r\n            <\/div>\r\n        <\/div>\r\n\r\n    <!-- OVERLAY (positioned; interactive surface) -->\r\n    <div class=\"trp-language-switcher trp-ls-dropdown trp-shortcode-switcher trp-shortcode-overlay trp-open-on-hover\"\r\n         role=\"listbox\"\r\n         aria-haspopup=\"listbox\"\r\n         aria-expanded=\"false\"\r\n         tabindex=\"0\"\r\n         data-no-translation\r\n>\r\n            <div class=\"trp-current-language-item__wrapper\">\r\n        <a class=\"trp-language-item trp-language-item__default trp-language-item__current\"\r\n           href=\"https:\/\/yutexgarment.com\/vi\/wp-json\/wp\/v2\/pages\/48\"\r\n           aria-current=\"true\"\r\n           role=\"option\"\r\n           aria-selected=\"true\"\r\n           tabindex=\"0\"\r\n           data-no-translation\r\n title=\"Vietnamese\"\r\n        >\r\n            <img decoding=\"async\" src=\"https:\/\/yutexgarment.com\/wp-content\/plugins\/translatepress-multilingual\/assets\/flags\/4x3\/vi.svg\" class=\"trp-flag-image\" alt=\"Vietnamese\" loading=\"lazy\" \/>                            <span class=\"trp-language-item-name\">Vietnamese<\/span>\r\n                                <\/a>\r\n                    <svg class=\"trp-shortcode-arrow\" width=\"20\" height=\"20\" viewbox=\"0 0 20 21\" fill=\"none\" aria-hidden=\"true\" focusable=\"false\" xmlns=\"http:\/\/www.w3.org\/2000\/svg\">\r\n                <path d=\"M5 8L10 13L15 8\" stroke=\"var(--text)\" stroke-width=\"2\" stroke-linecap=\"round\" stroke-linejoin=\"round\"\/>\r\n            <\/svg>\r\n            <\/div>\r\n    \r\n        <div class=\"trp-switcher-dropdown-list\" hidden inert>\r\n                                                <a class=\"trp-language-item\" href=\"https:\/\/yutexgarment.com\/vi\/wp-json\/wp\/v2\/pages\/48\" role=\"option\" tabindex=\"-1\" title=\"English\">\r\n                        <img decoding=\"async\" src=\"https:\/\/yutexgarment.com\/wp-content\/plugins\/translatepress-multilingual\/assets\/flags\/4x3\/en_US.svg\" class=\"trp-flag-image\" alt=\"English\" loading=\"lazy\" \/>                                                    <span class=\"trp-language-item-name\" data-no-translation>English<\/span>\r\n                                                                    <\/a>\r\n                                    <\/div>\r\n    <\/div>\r\n<\/div>\r\n<style id=\"trp-language-switcher-shortcode-custom-css\">.trp-language-switcher .trp-shortcode-switcher { padding: 1px !important; }<\/style><\/span><\/a><\/div>\n<\/div><\/div>\n<\/div><\/div>\n\n\n\n<div class=\"wp-block-gutenverse-column guten-element guten-column guten-HvHufO\"><div class=\"guten-column-wrapper\" data-id=\"HvHufO\">\n<div class=\"guten-element guten-social-icons guten-gusNO5 circle horizontal fill\">\n<div class=\"guten-element guten-social-icon guten-JDPxPX facebook\"><a id=\"guten-JDPxPX\" href=\"#\"><i class=\"gtn gtn-facebook-light\"><\/i><\/a><\/div>\n\n\n\n<div class=\"guten-element guten-social-icon guten-wBSXmK twitter\"><a id=\"guten-wBSXmK\" href=\"#\"><i class=\"fab fa-x-twitter\"><\/i><\/a><\/div>\n\n\n\n<div class=\"guten-element guten-social-icon guten-bZtVVe instagram\"><a id=\"guten-bZtVVe\" href=\"#\"><i class=\"gtn gtn-instagram-1-light\"><\/i><\/a><\/div>\n\n\n\n<div class=\"guten-element guten-social-icon guten-ovJEjZ youtube\"><a id=\"guten-ovJEjZ\" href=\"#\"><i class=\"gtn gtn-youtube-v-light\"><\/i><\/a><\/div>\n<\/div>\n<\/div><\/div>\n<\/div><\/section><\/div>\n\n\n\n<div class=\"section-wrapper\" data-id=\"YqFuOP\"><section class=\"wp-block-gutenverse-section guten-element guten-section guten-YqFuOP layout-boxed align-stretch\"><div class=\"guten-container guten-column-gap-no\">\n<div class=\"wp-block-gutenverse-column guten-element guten-column guten-ynv70o\"><div class=\"guten-column-wrapper\" data-id=\"ynv70o\">\n<div class=\"wp-block-gutenverse-image guten-element guten-image guten-gAYyw6\"><a class=\"guten-image-wrapper\" href=\"https:\/\/yutexgarment.com\/vi\/\"><img decoding=\"async\" class=\"gutenverse-image-box-filled\" src=\"https:\/\/yutexgarment.com\/wp-content\/uploads\/2025\/10\/youtex_logo_black.svg\"\/><\/a><\/div>\n<\/div><\/div>\n\n\n\n<div class=\"wp-block-gutenverse-column guten-element guten-column guten-9S7vCn\"><div class=\"guten-column-wrapper\" data-id=\"9S7vCn\"><div id=\"guten-6mjg0u\" class=\"guten-element guten-nav-menu nav-menu break-point-tablet submenu-click-title\" data-item-indicator=\"gtn gtn-angle-down-solid\" data-close-on-click=\"1\">\n\t\t\t<div class=\"gutenverse-hamburger-wrapper\">\n\t\t\t\t<button class=\"gutenverse-hamburger-menu\">\n\t\t\t\t\t<i aria-hidden=\"true\" class=\"gtn gtn-bars-solid\"><\/i>\n\t\t\t\t<\/button>\n\t\t\t<\/div>\n\t\t\t<div class=\"guten-nav-overlay\"><\/div>\n\t\t\t<div class=\"gutenverse-menu-wrapper\"><div class=\"gutenverse-menu-container\"><ul id=\"menu-textilery-1\" class=\"gutenverse-menu\"><li id=\"menu-item-79\" class=\"menu-item menu-item-type-custom menu-item-object-custom menu-item-79\"><a href=\"javascript:void(0);\" data-href=\"https:\/\/yutexgarment.com\/\">Trang Ch\u1ee7<\/a><\/li>\n<li id=\"menu-item-80\" class=\"menu-item menu-item-type-custom menu-item-object-custom menu-item-80\"><a href=\"javascript:void(0);\" data-href=\"https:\/\/yutexgarment.com\/about-us\/\">Gi\u1edbi Thi\u1ec7u<\/a><\/li>\n<li id=\"menu-item-81\" class=\"menu-item menu-item-type-custom menu-item-object-custom menu-item-81\"><a href=\"javascript:void(0);\" data-href=\"https:\/\/yutexgarment.com\/services\/\">D\u1ecbch V\u1ee5<\/a><\/li>\n<li id=\"menu-item-90\" class=\"menu-item menu-item-type-custom menu-item-object-custom menu-item-90\"><a href=\"javascript:void(0);\" data-href=\"https:\/\/yutexgarment.com\/blog\/\">Tin T\u1ee9c<\/a><\/li>\n<li id=\"menu-item-92\" class=\"menu-item menu-item-type-custom menu-item-object-custom menu-item-92\"><a href=\"javascript:void(0);\" data-href=\"https:\/\/yutexgarment.com\/contact\/\">Li\u00ean H\u1ec7<\/a><\/li>\n<\/ul><\/div>\n\t\t\t\t<div>\n\t\t\t\t\t<div class=\"gutenverse-nav-identity-panel\">\n\t\t\t\t\t\t<div class=\"gutenverse-nav-site-title\">\n\t\t\t\t\t\t\t<a href=\"https:\/\/yutexgarment.com\/vi\" class=\"gutenverse-nav-logo\"><img decoding=\"async\" src=\"https:\/\/yutexgarment.com\/wp-content\/uploads\/2025\/07\/logo-textilery.webp\" alt=\"Viet Nam Glory  - \"><\/a>\n\t\t\t\t\t\t<\/div>\n\t\t\t\t\t\t<button class=\"gutenverse-close-menu\"><i aria-hidden=\"true\" class=\"gtn gtn-times-solid\"><\/i><\/button>\n\t\t\t\t\t<\/div>\n\t\t\t\t<\/div>\n\t\t\t<\/div>\n\t\t<\/div><\/div><\/div>\n\n\n\n<div class=\"wp-block-gutenverse-column guten-element guten-column guten-H1owEc hide-mobile\"><div class=\"guten-column-wrapper\" data-id=\"H1owEc\">\n<div class=\"guten-element guten-button-wrapper guten-HMcsLw\"><a class=\"guten-button guten-button-sm\" href=\"#\"><span>Hotline: (+84) 902 382 920<\/span><\/a><\/div>\n<\/div><\/div>\n<\/div><\/section><\/div>\n\n\n\n<div class=\"section-wrapper\" data-id=\"EVBBUe\"><section class=\"wp-block-gutenverse-section guten-element guten-section guten-EVBBUe layout-boxed align-stretch\"><div class=\"guten-background-overlay\"><\/div><div class=\"guten-container guten-column-gap-default\">\n<div class=\"wp-block-gutenverse-column guten-element guten-column guten-Vpdrti\"><div class=\"guten-column-wrapper\" data-id=\"Vpdrti\">\n<div class=\"section-wrapper\" data-id=\"lAdoS0\"><section class=\"wp-block-gutenverse-section guten-element guten-section guten-lAdoS0 layout-boxed align-stretch\"><div class=\"guten-container guten-column-gap-no\">\n<div class=\"wp-block-gutenverse-column guten-element guten-column guten-MdDm66 animated guten-element-hide desktop-fadeInUp\"><div class=\"guten-column-wrapper\" data-id=\"MdDm66\">\n<h1 class=\"wp-block-gutenverse-heading guten-element guten-lL0Thi\">Gi\u1edbi Thi\u1ec7u<\/h1>\n<\/div><\/div>\n<\/div><\/section><\/div>\n<\/div><\/div>\n<\/div><\/section><\/div>\n\n\n\n<div class=\"section-wrapper\" data-id=\"Z9j41R\"><section class=\"wp-block-gutenverse-section guten-element guten-section guten-Z9j41R layout-boxed align-stretch\"><div class=\"guten-container guten-column-gap-default\">\n<div class=\"wp-block-gutenverse-column guten-element guten-column guten-0MR7Bb\"><div class=\"guten-column-wrapper\" data-id=\"0MR7Bb\">\n<div class=\"section-wrapper\" data-id=\"SaR8MK\"><section class=\"wp-block-gutenverse-section guten-element guten-section guten-SaR8MK layout-boxed align-stretch\"><div class=\"guten-container guten-column-gap-default\">\n<div class=\"wp-block-gutenverse-column guten-element guten-column guten-fUqpWf\"><div class=\"guten-column-wrapper\" data-id=\"fUqpWf\">\n<div class=\"wp-block-gutenverse-image guten-element guten-image guten-liiJFm\"><div class=\"guten-image-wrapper\"><img loading=\"lazy\" decoding=\"async\" class=\"gutenverse-image-box-filled\" src=\"https:\/\/yutexgarment.com\/wp-content\/uploads\/2025\/09\/VNglory_Gold.png\" height=\"119\" width=\"349\"\/><\/div><\/div>\n<\/div><\/div>\n\n\n\n<div class=\"wp-block-gutenverse-column guten-element guten-column guten-TpRuu9\"><div class=\"guten-column-wrapper\" data-id=\"TpRuu9\">\n<h6 class=\"wp-block-gutenverse-heading guten-element guten-JLcbHt\">In order to meet the needs of the Vietnamese and international markets, VN GLORY CO., LTD specializes in providing fabrics, designing and manufacturing a wide range of apparel, including casual wear, formal wear, sportswear and fashion collections for men, women and children.<br>Nh\u1eb1n \u0111\u00e1p \u1ee9ng nhu c\u1ea7u th\u1ecb tr\u01b0\u1eddng Vi\u1ec7t Nam v\u00e0 qu\u1ed1c t\u1ebf C\u00d4NG TY TNHH VN GLORY chuy\u00ean cung c\u1ea5p v\u1ea3i, thi\u1ebft k\u1ebf v\u00e0 s\u1ea3n xu\u1ea5t \u0111a d\u1ea1ng c\u00e1c lo\u1ea1i trang ph\u1ee5c, bao g\u1ed3m trang ph\u1ee5c th\u01b0\u1eddng ng\u00e0y, trang ph\u1ee5c trang tr\u1ecdng, trang ph\u1ee5c th\u1ec3 thao v\u00e0 c\u00e1c b\u1ed9 s\u01b0u t\u1eadp th\u1eddi trang d\u00e0nh cho nam, n\u1eef v\u00e0 tr\u1ebb em.\nV\u1edbi cam k\u1ebft cao nh\u1ea5t v\u1ec1 s\u1ef1 h\u00e0i l\u00f2ng c\u1ee7a kh\u00e1ch h\u00e0ng, C\u00d4NG TY TNHH VN GLORY \u0111\u00e3 x\u00e2y d\u1ef1ng \u0111\u01b0\u1ee3c danh ti\u1ebfng v\u1eefng ch\u1eafc tr\u00ean th\u1ecb tr\u01b0\u1eddng trong n\u01b0\u1edbc v\u00e0 qu\u1ed1c t\u1ebf. C\u01a1 s\u1edf s\u1ea3n xu\u1ea5t hi\u1ec7n \u0111\u1ea1i, \u0111\u1ed9i ng\u0169 nh\u00e2n vi\u00ean l\u00e0nh ngh\u1ec1 v\u00e0 t\u1eadn t\u00e2m trong t\u1eebng chi ti\u1ebft \u0111\u1ea3m b\u1ea3o r\u1eb1ng m\u1ecdi s\u1ea3n ph\u1ea9m ch\u00fang t\u00f4i s\u1ea3n xu\u1ea5t \u0111\u1ec1u \u0111\u00e1p \u1ee9ng c\u00e1c ti\u00eau chu\u1ea9n cao nh\u1ea5t v\u1ec1 ch\u1ea5t l\u01b0\u1ee3ng, s\u1ef1 tho\u1ea3i m\u00e1i v\u00e0 phong c\u00e1ch.\nC\u00d4NG TY TNHH VN GLORY kh\u00f4ng ch\u1ec9 s\u1ea3n xu\u1ea5t qu\u1ea7n \u00e1o, ch\u00fang t\u00f4i gi\u00fap c\u00e1c qu\u00fd doanh nghi\u1ec7p v\u00e0 c\u00e1 nh\u00e2n th\u1ec3 hi\u1ec7n b\u1ea3n s\u1eafc phong c\u00e1ch c\u1ee7a h\u1ecd th\u00f4ng qua th\u1eddi trang.<br>VN GLORY CO., LTD does not just manufacture clothing, we help businesses and individuals express their style identity through fashion.<\/h6>\n<\/div><\/div>\n<\/div><\/section><\/div>\n<\/div><\/div>\n<\/div><\/section><\/div>\n\n\n\n<div class=\"section-wrapper\" data-id=\"ooRx7V\"><section class=\"wp-block-gutenverse-section guten-element guten-section guten-ooRx7V layout-boxed align-stretch\"><div class=\"guten-background-overlay\"><\/div><div class=\"guten-container guten-column-gap-default\">\n<div class=\"wp-block-gutenverse-column guten-element guten-column guten-CgiXYY\"><div class=\"guten-column-wrapper\" data-id=\"CgiXYY\">\n<h2 class=\"wp-block-gutenverse-heading guten-element guten-0sTXag animated guten-element-hide desktop-fadeInUp\">\u0110\u1eebng ng\u1ea7n ng\u1ea1i li\u00ean h\u1ec7 v\u1edbi ch\u00fang t\u00f4i n\u1ebfu b\u1ea1n c\u00f3 b\u1ea5t k\u1ef3 c\u00e2u h\u1ecfi n\u00e0o<\/h2>\n\n\n\n<div class=\"guten-element gutenverse-text-editor guten-9bF9Nr animated guten-element-hide desktop-fadeInUp\"><div class=\"text-content-inner\">\n<p>Li\u00ean h\u1ec7 v\u1edbi ch\u00fang t\u00f4i \u0111\u1ec3 \u0111\u01b0\u1ee3c h\u1ed7 tr\u1ee3 t\u01b0 v\u1ea5n mi\u1ec5n ph\u00ed<\/p>\n<\/div><\/div>\n\n\n\n<div class=\"section-wrapper\" data-id=\"nSdj6H\"><section class=\"wp-block-gutenverse-section guten-element guten-section guten-nSdj6H layout-boxed align-stretch\"><div class=\"guten-container guten-column-gap-no\">\n<div class=\"wp-block-gutenverse-column guten-element guten-column guten-CtyLi7\"><div class=\"guten-column-wrapper\" data-id=\"CtyLi7\">\n<div class=\"guten-element guten-LElACV animated guten-element-hide desktop-fadeInLeft guten-icon-box icon-position-left\"><div class=\"guten-icon-box-wrapper hover-from-left\"><div class=\"icon-box icon-box-header\"><div class=\"icon bg-style-color\"><i class=\"gtn gtn-phone1-light icon-style-color\"><\/i><\/div><\/div><div class=\"icon-box icon-box-body\"><h4 class=\"title\">Li\u00ean h\u1ec7<\/h4><p class=\"icon-box-description\">(+84)902 382 920\u00a0<\/p><\/div><\/div><\/div>\n<\/div><\/div>\n\n\n\n<div class=\"wp-block-gutenverse-column guten-element guten-column guten-bbtnKG\"><div class=\"guten-column-wrapper\" data-id=\"bbtnKG\">\n<div class=\"guten-element guten-6CvEHX animated guten-element-hide desktop-fadeInRight guten-icon-box icon-position-left\"><div class=\"guten-icon-box-wrapper hover-from-left\"><div class=\"icon-box icon-box-header\"><div class=\"icon bg-style-color\"><i class=\"gtn gtn-email1-light icon-style-color\"><\/i><\/div><\/div><div class=\"icon-box icon-box-body\"><h4 class=\"title\">Mail Us<\/h4><p class=\"icon-box-description\">yuki@vnglory.com<\/p><\/div><\/div><\/div>\n<\/div><\/div>\n<\/div><\/section><\/div>\n\n\n\n<div class=\"guten-element guten-button-wrapper guten-hG45Ej\"><a class=\"guten-button animated guten-element-hide desktop-fadeInUp guten-button-sm\" href=\"\/vi\/contact\/\"><span>Li\u00ean h\u1ec7<\/span><\/a><\/div>\n<\/div><\/div>\n<\/div><\/section><\/div>\n\n\n\n<div class=\"section-wrapper\" data-id=\"IU7d4G\"><section class=\"wp-block-gutenverse-section guten-element guten-section guten-IU7d4G layout-boxed align-stretch\"><div class=\"guten-container guten-column-gap-default\">\n<div class=\"wp-block-gutenverse-column guten-element guten-column guten-x55ZcN\"><div class=\"guten-column-wrapper\" data-id=\"x55ZcN\">\n<div class=\"section-wrapper\" data-id=\"3LlIQO\"><section class=\"wp-block-gutenverse-section guten-element guten-section guten-3LlIQO layout-fullwidth align-stretch\"><div class=\"guten-container guten-column-gap-no\">\n<div class=\"wp-block-gutenverse-column guten-element guten-column guten-VLxuIn\"><div class=\"guten-column-wrapper\" data-id=\"VLxuIn\">\n<div class=\"wp-block-gutenverse-image guten-element guten-image guten-2ffFQ1\"><div class=\"guten-image-wrapper\"><img decoding=\"async\" class=\"gutenverse-image-box-filled\" src=\"https:\/\/yutexgarment.com\/wp-content\/uploads\/2025\/10\/Asset-11.svg\"\/><\/div><\/div>\n\n\n\n<div class=\"guten-element guten-icon-list guten-E1AwDY\"><div class=\"list-wrapper\">\n<div class=\"guten-element guten-icon-list-item guten-B3O718\"><div class=\"list-divider\"><\/div><a id=\"guten-B3O718\"><i class=\"far fa-building\"><\/i><span class=\"list-text\">C\u00d4NG TY TNHH VN GLORY<\/span><\/a><\/div>\n\n\n\n<div class=\"guten-element guten-icon-list-item guten-juKYl2\"><div class=\"list-divider\"><\/div><a id=\"guten-juKYl2\"><i class=\"gtn gtn-placeholder2-light\"><\/i><span class=\"list-text\">51 \u0110\u01b0\u1eddng S\u1ed1 3, P. Ph\u01b0\u1edbc Long, TP H\u1ed3 Ch\u00ed Minh<\/span><\/a><\/div>\n\n\n\n<div class=\"guten-element guten-icon-list-item guten-iYVRf0\"><div class=\"list-divider\"><\/div><a id=\"guten-iYVRf0\"><i class=\"gtn gtn-mail-line\"><\/i><span class=\"list-text\">yuki@vnglory.com<\/span><\/a><\/div>\n\n\n\n<div class=\"guten-element guten-icon-list-item guten-OLuGMW\"><div class=\"list-divider\"><\/div><a id=\"guten-OLuGMW\"><i class=\"gtn gtn-phone-alt-solid\"><\/i><span class=\"list-text\">(+84) 902 382 920<\/span><\/a><\/div>\n<\/div><\/div>\n\n\n\n<div class=\"guten-element guten-social-icons guten-q18LSB circle horizontal fill\">\n<div class=\"guten-element guten-social-icon guten-689BjG facebook\"><a id=\"guten-689BjG\" href=\"#\"><i class=\"gtn gtn-facebook-light\"><\/i><\/a><\/div>\n\n\n\n<div class=\"guten-element guten-social-icon guten-HmlIg9 twitter\"><a id=\"guten-HmlIg9\" href=\"#\"><i class=\"fab fa-x-twitter\"><\/i><\/a><\/div>\n\n\n\n<div class=\"guten-element guten-social-icon guten-Zn0Nw9 instagram\"><a id=\"guten-Zn0Nw9\" href=\"#\"><i class=\"fab fa-instagram\"><\/i><\/a><\/div>\n\n\n\n<div class=\"guten-element guten-social-icon guten-ZCcgTk youtube\"><a id=\"guten-ZCcgTk\" href=\"#\"><i class=\"gtn gtn-youtube-v-light\"><\/i><\/a><\/div>\n<\/div>\n<\/div><\/div>\n\n\n\n<div class=\"wp-block-gutenverse-column guten-element guten-column guten-iySeod\"><div class=\"guten-column-wrapper\" data-id=\"iySeod\">\n<h4 class=\"wp-block-gutenverse-heading guten-element guten-MniglI\">Li\u00ean K\u1ebft<\/h4>\n\n\n\n<div class=\"wp-block-gutenverse-divider guten-element guten-divider guten-OyAVu4\"><div class=\"guten-divider-wrapper\"><div class=\"guten-divider-default guten-divider-line guten-divider-regular\"><\/div><\/div><\/div>\n\n\n\n<div class=\"guten-element guten-icon-list guten-KuluKY\"><div class=\"list-wrapper\">\n<div class=\"guten-element guten-icon-list-item guten-3QpSpP\"><div class=\"list-divider\"><\/div><a id=\"guten-3QpSpP\" href=\"\/vi\/home\/\"><i class=\"\"><\/i><span class=\"list-text\">Trang Ch\u1ee7<\/span><\/a><\/div>\n\n\n\n<div class=\"guten-element guten-icon-list-item guten-8o0bXo\"><div class=\"list-divider\"><\/div><a id=\"guten-8o0bXo\" href=\"\/vi\/about-us\/\"><i class=\"\"><\/i><span class=\"list-text\">Gi\u1edbi Thi\u1ec7u<\/span><\/a><\/div>\n\n\n\n<div class=\"guten-element guten-icon-list-item guten-HdqMe4\"><div class=\"list-divider\"><\/div><a id=\"guten-HdqMe4\" href=\"\/vi\/services\/\"><i class=\"\"><\/i><span class=\"list-text\">D\u1ecbch V\u1ee5<\/span><\/a><\/div>\n\n\n\n<div class=\"guten-element guten-icon-list-item guten-5G3rho\"><div class=\"list-divider\"><\/div><a id=\"guten-5G3rho\" href=\"\/vi\/blog\/\"><i class=\"\"><\/i><span class=\"list-text\">Tin T\u1ee9c<\/span><\/a><\/div>\n\n\n\n<div class=\"guten-element guten-icon-list-item guten-f7Kmpi\"><div class=\"list-divider\"><\/div><a id=\"guten-f7Kmpi\" href=\"\/vi\/contact\/\"><i class=\"\"><\/i><span class=\"list-text\">Li\u00ean H\u1ec7<\/span><\/a><\/div>\n<\/div><\/div>\n<\/div><\/div>\n\n\n\n<div class=\"wp-block-gutenverse-column guten-element guten-column guten-IHibkl\"><div class=\"guten-column-wrapper\" data-id=\"IHibkl\">\n<h4 class=\"wp-block-gutenverse-heading guten-element guten-sA4IbC\">Th\u00f4ng Tin<\/h4>\n\n\n\n<div class=\"wp-block-gutenverse-divider guten-element guten-divider guten-7Y27rh\"><div class=\"guten-divider-wrapper\"><div class=\"guten-divider-default guten-divider-line guten-divider-regular\"><\/div><\/div><\/div>\n\n\n\n<div class=\"guten-element guten-icon-list guten-gxIn8S\"><div class=\"list-wrapper\">\n<div class=\"guten-element guten-icon-list-item guten-w0YO9s\"><div class=\"list-divider\"><\/div><a id=\"guten-w0YO9s\" href=\"#\"><i class=\"\"><\/i><span class=\"list-text\">CS B\u1ea3o M\u1eadt<\/span><\/a><\/div>\n\n\n\n<div class=\"guten-element guten-icon-list-item guten-7w3nJT\"><div class=\"list-divider\"><\/div><a id=\"guten-7w3nJT\" href=\"#\"><i class=\"\"><\/i><span class=\"list-text\">\u0110i\u1ec1u Kho\u1ea3n<\/span><\/a><\/div>\n\n\n\n<div class=\"guten-element guten-icon-list-item guten-blZDmo\"><div class=\"list-divider\"><\/div><a id=\"guten-blZDmo\" href=\"#\"><i class=\"\"><\/i><span class=\"list-text\">Tuy\u1ec3n D\u1ee5ng<\/span><\/a><\/div>\n\n\n\n<div class=\"guten-element guten-icon-list-item guten-KCmikN\"><div class=\"list-divider\"><\/div><a id=\"guten-KCmikN\" href=\"#\"><i class=\"\"><\/i><span class=\"list-text\">H\u1ed7 Tr\u1ee3<\/span><\/a><\/div>\n\n\n\n<div class=\"guten-element guten-icon-list-item guten-BIo3HO\"><div class=\"list-divider\"><\/div><a id=\"guten-BIo3HO\" href=\"#\"><i class=\"\"><\/i><span class=\"list-text\">FAQ<\/span><\/a><\/div>\n<\/div><\/div>\n<\/div><\/div>\n\n\n\n<div class=\"wp-block-gutenverse-column guten-element guten-column guten-THY201\"><div class=\"guten-column-wrapper\" data-id=\"THY201\">\n<h4 class=\"wp-block-gutenverse-heading guten-element guten-3QGNGU\">\u0110\u1eb7t H\u1eb9n<\/h4>\n\n\n\n<div class=\"wp-block-gutenverse-divider guten-element guten-divider guten-dx6rf5\"><div class=\"guten-divider-wrapper\"><div class=\"guten-divider-default guten-divider-line guten-divider-regular\"><\/div><\/div><\/div>\n\n\n\n<div class=\"guten-element guten-icon-list guten-jRy97i\"><div class=\"list-wrapper\">\n<div class=\"guten-element guten-icon-list-item guten-18hZoF\"><div class=\"list-divider\"><\/div><a id=\"guten-18hZoF\"><i class=\"far fa-clock\"><\/i><span class=\"list-text\">9 AM \u2013 5 PM , Th\u1ee9 2 \u2013 Th\u1ee9 7<\/span><\/a><\/div>\n<\/div><\/div>\n\n\n\n<div class=\"guten-element guten-AvXg14 guten-icon-box icon-position-left\"><a class=\"\" href=\"#\"><div class=\"guten-icon-box-wrapper hover-from-left\"><div class=\"icon-box icon-box-header\"><div class=\"icon bg-style-color\"><i class=\"gtn gtn-phone-line icon-style-color\"><\/i><\/div><\/div><div class=\"icon-box icon-box-body\"><h5 class=\"title\">Hotline<\/h5><p class=\"icon-box-description\"><strong>(+84)<\/strong> 902 382 920<\/p><\/div><\/div><\/a><\/div>\n<\/div><\/div>\n<\/div><\/section><\/div>\n\n\n\n<div class=\"section-wrapper\" data-id=\"VkcL09\"><section class=\"wp-block-gutenverse-section guten-element guten-section guten-VkcL09 layout-fullwidth align-stretch\"><div class=\"guten-container guten-column-gap-no\">\n<div class=\"wp-block-gutenverse-column guten-element guten-column guten-R3uzAm\"><div class=\"guten-column-wrapper\" data-id=\"R3uzAm\">\n<div class=\"guten-element gutenverse-text-editor guten-i0B5uz\"><div class=\"text-content-inner\">\n<p class=\"has-link-color wp-elements-ddb18afa2533bc5ea187b0aa86d23524\">Powered by <a href=\"https:\/\/coyosu.com\/\" target=\"_blank\" rel=\"noreferrer noopener\">Coyosu<\/a><\/p>\n<\/div><\/div>\n<\/div><\/div>\n\n\n\n<div class=\"wp-block-gutenverse-column guten-element guten-column guten-WEMErU\"><div class=\"guten-column-wrapper\" data-id=\"WEMErU\">\n<div class=\"guten-element gutenverse-text-editor guten-OrsUyA\"><div class=\"text-content-inner\">\n<p class=\"has-theme-4-color has-text-color has-link-color wp-elements-0a130424ddfdc3e8ec0832de07ceec7c\">Copyright \u00a9 2025 <a href=\"https:\/\/yutexgarment.com\/vi\/\" data-type=\"page\" data-id=\"41\">VN Glory<\/a>. All rights reserved.<\/p>\n<\/div><\/div>\n<\/div><\/div>\n<\/div><\/section><\/div>\n<\/div><\/div>\n<\/div><\/section><\/div>","protected":false},"excerpt":{"rendered":"","protected":false},"author":1,"featured_media":0,"parent":0,"menu_order":0,"comment_status":"closed","ping_status":"closed","template":"blank-canvas","meta":{"footnotes":""},"class_list":["post-48","page","type-page","status-publish","hentry"],"_links":{"self":[{"href":"https:\/\/yutexgarment.com\/vi\/wp-json\/wp\/v2\/pages\/48","targetHints":{"allow":["GET"]}}],"collection":[{"href":"https:\/\/yutexgarment.com\/vi\/wp-json\/wp\/v2\/pages"}],"about":[{"href":"https:\/\/yutexgarment.com\/vi\/wp-json\/wp\/v2\/types\/page"}],"author":[{"embeddable":true,"href":"https:\/\/yutexgarment.com\/vi\/wp-json\/wp\/v2\/users\/1"}],"replies":[{"embeddable":true,"href":"https:\/\/yutexgarment.com\/vi\/wp-json\/wp\/v2\/comments?post=48"}],"version-history":[{"count":9,"href":"https:\/\/yutexgarment.com\/vi\/wp-json\/wp\/v2\/pages\/48\/revisions"}],"predecessor-version":[{"id":221,"href":"https:\/\/yutexgarment.com\/vi\/wp-json\/wp\/v2\/pages\/48\/revisions\/221"}],"wp:attachment":[{"href":"https:\/\/yutexgarment.com\/vi\/wp-json\/wp\/v2\/media?parent=48"}],"curies":[{"name":"wp","href":"https:\/\/api.w.org\/{rel}","templated":true}]}}